{"id":25557,"date":"2026-04-12T03:13:41","date_gmt":"2026-04-12T00:13:41","guid":{"rendered":"https:\/\/liliparfum.com\/?post_type=product&#038;p=25557"},"modified":"2026-04-12T03:20:52","modified_gmt":"2026-04-12T00:20:52","slug":"%d8%b3%d8%a8%d8%b1%d8%a7%d9%8a-%d8%ac%d8%b3%d9%85-%d9%87%d9%80%d9%90%d9%8a-elle","status":"publish","type":"product","link":"https:\/\/liliparfum.com\/fr\/product\/%d8%b3%d8%a8%d8%b1%d8%a7%d9%8a-%d8%ac%d8%b3%d9%85-%d9%87%d9%80%d9%90%d9%8a-elle\/","title":{"rendered":"Brume Corporelle \"Elle\""},"content":{"rendered":"<blockquote>\n<p data-path-to-node=\"9\" class=\"translation-block\">Profitez d'une exp\u00e9rience unique avec le parfum \u00ab Elle \u00bb, le spray id\u00e9al pour un usage quotidien qui apporte \u00e0 votre corps une touche de f\u00e9minit\u00e9 et de s\u00e9r\u00e9nit\u00e9. Gr\u00e2ce au m\u00e9lange de Vanille Poudr\u00e9e, cette fragrance offre une haute tenue et une sensation de propret\u00e9 et de fra\u00eecheur qui dure toute la journ\u00e9e. Son flacon au design moderne et attrayant, d'une contenance de 100 ml, est parfait pour \u00eatre emport\u00e9 dans votre sac et utilis\u00e9 \u00e0 tout moment.<\/p>\n<\/blockquote>","protected":false},"excerpt":{"rendered":"<blockquote><p>Parfum \"Elle\" : Spray Vanille Poudr\u00e9e pour une douceur et une fra\u00eecheur longue dur\u00e9e, \u00e0 seulement 99 AED.<\/p><\/blockquote>\n<div id=\"gtx-trans\" style=\"position: absolute; left: 1263px; top: 38px;\">\n<div class=\"gtx-trans-icon\"><\/div>\n<\/div>","protected":false},"featured_media":25558,"template":"","meta":{"_acf_changed":false},"product_brand":[98],"product_cat":[104,96],"product_tag":[],"class_list":{"0":"post-25557","1":"product","2":"type-product","3":"status-publish","4":"has-post-thumbnail","6":"product_brand-98","7":"product_cat-104","8":"product_cat-96","10":"first","11":"instock","12":"sale","13":"shipping-taxable","14":"purchasable","15":"product-type-simple"},"acf":[],"yoast_head":"<!-- This site is optimized with the Yoast SEO plugin v26.9 - https:\/\/yoast.com\/product\/yoast-seo-wordpress\/ -->\n<title>\u0633\u0628\u0631\u0627\u064a \u062c\u0633\u0645 &quot;\u0647\u0640\u0650\u064a&quot; (Elle) - \u0644\u064a\u0644\u064a \u0644\u0644\u0639\u0637\u0648\u0631 | \u0639\u0637\u0648\u0631 \u0641\u0627\u062e\u0631\u0629 \u0628\u0647\u0648\u064a\u0629 \u062c\u0632\u0627\u0626\u0631\u064a\u0629 \u0648\u0623\u062b\u0631 \u0644\u0627 \u064a\u0646\u0633\u0649<\/title>\n<meta name=\"description\" content=\"\u0633\u0628\u0631\u0627\u064a \u062c\u0633\u0645 &quot;\u0647\u0640\u0650\u064a&quot; (Elle) - \u0644\u064a\u0644\u064a \u0644\u0644\u0639\u0637\u0648\u0631 | \u0639\u0637\u0648\u0631 \u0641\u0627\u062e\u0631\u0629 \u0628\u0647\u0648\u064a\u0629 \u062c\u0632\u0627\u0626\u0631\u064a\u0629 \u0648\u0623\u062b\u0631 \u0644\u0627 \u064a\u0646\u0633\u0649\" \/>\n<meta name=\"robots\" content=\"index, follow, max-snippet:-1, max-image-preview:large, max-video-preview:-1\" \/>\n<link rel=\"canonical\" href=\"https:\/\/liliparfum.com\/fr\/product\/\u0633\u0628\u0631\u0627\u064a-\u062c\u0633\u0645-\u0647\u0640\u0650\u064a-elle\/\" \/>\n<meta property=\"og:locale\" content=\"fr_FR\" \/>\n<meta property=\"og:type\" content=\"article\" \/>\n<meta property=\"og:title\" content=\"\u0633\u0628\u0631\u0627\u064a \u062c\u0633\u0645 &quot;\u0647\u0640\u0650\u064a&quot; (Elle) - \u0644\u064a\u0644\u064a \u0644\u0644\u0639\u0637\u0648\u0631 | \u0639\u0637\u0648\u0631 \u0641\u0627\u062e\u0631\u0629 \u0628\u0647\u0648\u064a\u0629 \u062c\u0632\u0627\u0626\u0631\u064a\u0629 \u0648\u0623\u062b\u0631 \u0644\u0627 \u064a\u0646\u0633\u0649\" \/>\n<meta property=\"og:description\" content=\"\u0633\u0628\u0631\u0627\u064a \u062c\u0633\u0645 &quot;\u0647\u0640\u0650\u064a&quot; (Elle) - \u0644\u064a\u0644\u064a \u0644\u0644\u0639\u0637\u0648\u0631 | \u0639\u0637\u0648\u0631 \u0641\u0627\u062e\u0631\u0629 \u0628\u0647\u0648\u064a\u0629 \u062c\u0632\u0627\u0626\u0631\u064a\u0629 \u0648\u0623\u062b\u0631 \u0644\u0627 \u064a\u0646\u0633\u0649\" \/>\n<meta property=\"og:url\" content=\"https:\/\/liliparfum.com\/fr\/product\/\u0633\u0628\u0631\u0627\u064a-\u062c\u0633\u0645-\u0647\u0640\u0650\u064a-elle\/\" \/>\n<meta property=\"og:site_name\" content=\"\u0644\u064a\u0644\u064a \u0644\u0644\u0639\u0637\u0648\u0631 | \u0639\u0637\u0648\u0631 \u0641\u0627\u062e\u0631\u0629 \u0628\u0647\u0648\u064a\u0629 \u062c\u0632\u0627\u0626\u0631\u064a\u0629 \u0648\u0623\u062b\u0631 \u0644\u0627 \u064a\u0646\u0633\u0649\" \/>\n<meta property=\"article:modified_time\" content=\"2026-04-12T00:20:52+00:00\" \/>\n<meta property=\"og:image\" content=\"https:\/\/liliparfum.com\/wp-content\/uploads\/2026\/04\/lili-p-3-66.webp\" \/>\n\t<meta property=\"og:image:width\" content=\"600\" \/>\n\t<meta property=\"og:image:height\" content=\"600\" \/>\n\t<meta property=\"og:image:type\" content=\"image\/webp\" \/>\n<meta name=\"twitter:card\" content=\"summary_large_image\" \/>\n<meta name=\"twitter:label1\" content=\"Dur\u00e9e de lecture estim\u00e9e\" \/>\n\t<meta name=\"twitter:data1\" content=\"1 minute\" \/>\n<script type=\"application\/ld+json\" class=\"yoast-schema-graph\">{\"@context\":\"https:\/\/schema.org\",\"@graph\":[{\"@type\":\"WebPage\",\"@id\":\"https:\/\/liliparfum.com\/product\/%d8%b3%d8%a8%d8%b1%d8%a7%d9%8a-%d8%ac%d8%b3%d9%85-%d9%87%d9%80%d9%90%d9%8a-elle\/\",\"url\":\"https:\/\/liliparfum.com\/product\/%d8%b3%d8%a8%d8%b1%d8%a7%d9%8a-%d8%ac%d8%b3%d9%85-%d9%87%d9%80%d9%90%d9%8a-elle\/\",\"name\":\"\u0633\u0628\u0631\u0627\u064a \u062c\u0633\u0645 \\\"\u0647\u0640\u0650\u064a\\\" (Elle) - \u0644\u064a\u0644\u064a \u0644\u0644\u0639\u0637\u0648\u0631 | \u0639\u0637\u0648\u0631 \u0641\u0627\u062e\u0631\u0629 \u0628\u0647\u0648\u064a\u0629 \u062c\u0632\u0627\u0626\u0631\u064a\u0629 \u0648\u0623\u062b\u0631 \u0644\u0627 \u064a\u0646\u0633\u0649\",\"isPartOf\":{\"@id\":\"https:\/\/liliparfum.com\/#website\"},\"primaryImageOfPage\":{\"@id\":\"https:\/\/liliparfum.com\/product\/%d8%b3%d8%a8%d8%b1%d8%a7%d9%8a-%d8%ac%d8%b3%d9%85-%d9%87%d9%80%d9%90%d9%8a-elle\/#primaryimage\"},\"image\":{\"@id\":\"https:\/\/liliparfum.com\/product\/%d8%b3%d8%a8%d8%b1%d8%a7%d9%8a-%d8%ac%d8%b3%d9%85-%d9%87%d9%80%d9%90%d9%8a-elle\/#primaryimage\"},\"thumbnailUrl\":\"https:\/\/i0.wp.com\/liliparfum.com\/wp-content\/uploads\/2026\/04\/lili-p-3-66.webp?fit=600%2C600&ssl=1\",\"datePublished\":\"2026-04-12T00:13:41+00:00\",\"dateModified\":\"2026-04-12T00:20:52+00:00\",\"description\":\"\u0633\u0628\u0631\u0627\u064a \u062c\u0633\u0645 \\\"\u0647\u0640\u0650\u064a\\\" (Elle) - \u0644\u064a\u0644\u064a \u0644\u0644\u0639\u0637\u0648\u0631 | \u0639\u0637\u0648\u0631 \u0641\u0627\u062e\u0631\u0629 \u0628\u0647\u0648\u064a\u0629 \u062c\u0632\u0627\u0626\u0631\u064a\u0629 \u0648\u0623\u062b\u0631 \u0644\u0627 \u064a\u0646\u0633\u0649\",\"breadcrumb\":{\"@id\":\"https:\/\/liliparfum.com\/product\/%d8%b3%d8%a8%d8%b1%d8%a7%d9%8a-%d8%ac%d8%b3%d9%85-%d9%87%d9%80%d9%90%d9%8a-elle\/#breadcrumb\"},\"inLanguage\":\"fr-FR\",\"potentialAction\":[{\"@type\":\"ReadAction\",\"target\":[\"https:\/\/liliparfum.com\/product\/%d8%b3%d8%a8%d8%b1%d8%a7%d9%8a-%d8%ac%d8%b3%d9%85-%d9%87%d9%80%d9%90%d9%8a-elle\/\"]}]},{\"@type\":\"ImageObject\",\"inLanguage\":\"fr-FR\",\"@id\":\"https:\/\/liliparfum.com\/product\/%d8%b3%d8%a8%d8%b1%d8%a7%d9%8a-%d8%ac%d8%b3%d9%85-%d9%87%d9%80%d9%90%d9%8a-elle\/#primaryimage\",\"url\":\"https:\/\/i0.wp.com\/liliparfum.com\/wp-content\/uploads\/2026\/04\/lili-p-3-66.webp?fit=600%2C600&ssl=1\",\"contentUrl\":\"https:\/\/i0.wp.com\/liliparfum.com\/wp-content\/uploads\/2026\/04\/lili-p-3-66.webp?fit=600%2C600&ssl=1\",\"width\":600,\"height\":600},{\"@type\":\"BreadcrumbList\",\"@id\":\"https:\/\/liliparfum.com\/product\/%d8%b3%d8%a8%d8%b1%d8%a7%d9%8a-%d8%ac%d8%b3%d9%85-%d9%87%d9%80%d9%90%d9%8a-elle\/#breadcrumb\",\"itemListElement\":[{\"@type\":\"ListItem\",\"position\":1,\"name\":\"\u0627\u0644\u0631\u0626\u064a\u0633\u064a\u0629\",\"item\":\"https:\/\/liliparfum.com\/\"},{\"@type\":\"ListItem\",\"position\":2,\"name\":\"\u0645\u062a\u062c\u0631 \u0644\u064a\u0644\u064a\",\"item\":\"https:\/\/liliparfum.com\/%d9%85%d8%aa%d8%ac%d8%b1-%d9%84%d9%8a%d9%84%d9%8a\/\"},{\"@type\":\"ListItem\",\"position\":3,\"name\":\"\u0633\u0628\u0631\u0627\u064a \u062c\u0633\u0645 &#8220;\u0647\u0640\u0650\u064a&#8221; (Elle)\"}]},{\"@type\":\"WebSite\",\"@id\":\"https:\/\/liliparfum.com\/#website\",\"url\":\"https:\/\/liliparfum.com\/\",\"name\":\"\u0644\u064a\u0644\u064a \u0644\u0644\u0639\u0637\u0648\u0631 | \u0639\u0637\u0648\u0631 \u0641\u0627\u062e\u0631\u0629 \u0628\u0647\u0648\u064a\u0629 \u062c\u0632\u0627\u0626\u0631\u064a\u0629 \u0648\u0623\u062b\u0631 \u0644\u0627 \u064a\u0646\u0633\u0649\",\"description\":\"\u0627\u0643\u062a\u0634\u0641 \u0639\u0627\u0644\u0645 &quot;\u0644\u064a\u0644\u064a \u0644\u0644\u0639\u0637\u0648\u0631&quot; \u062d\u064a\u062b \u064a\u0644\u062a\u0642\u064a \u0627\u0644\u0634\u063a\u0641 \u0628\u0627\u0644\u062c\u0648\u062f\u0629. \u0639\u0637\u0648\u0631 \u0641\u0631\u064a\u062f\u0629 \u0645\u0635\u0645\u0645\u0629 \u0644\u062a\u0643\u0648\u0646 \u0647\u0648\u064a\u062a\u0643 \u0648\u0630\u0627\u0643\u0631\u062a\u0643 \u0627\u0644\u062f\u0627\u0626\u0645\u0629\u060c \u0628\u062a\u0631\u0643\u064a\u0628\u0627\u062a \u062b\u0627\u0628\u062a\u0629 \u0648\u0623\u0646\u064a\u0642\u0629 \u062a\u062a\u0631\u0643 \u0623\u062b\u0631\u0627\u064b \u064a\u0628\u0642\u0649 \u0648\u0644\u0627 \u064a\u0645\u0631. \u062a\u0633\u0648\u0642\u064a \u0627\u0644\u0641\u062e\u0627\u0645\u0629 \u0627\u0644\u0622\u0646.\",\"publisher\":{\"@id\":\"https:\/\/liliparfum.com\/#organization\"},\"alternateName\":\"\u0644\u064a\u0644\u064a \u0644\u0644\u0639\u0637\u0648\u0631 | \u0639\u0637\u0648\u0631 \u0641\u0627\u062e\u0631\u0629 \u0628\u0647\u0648\u064a\u0629 \u062c\u0632\u0627\u0626\u0631\u064a\u0629 \u0648\u0623\u062b\u0631 \u0644\u0627 \u064a\u0646\u0633\u0649\",\"potentialAction\":[{\"@type\":\"SearchAction\",\"target\":{\"@type\":\"EntryPoint\",\"urlTemplate\":\"https:\/\/liliparfum.com\/?s={search_term_string}\"},\"query-input\":{\"@type\":\"PropertyValueSpecification\",\"valueRequired\":true,\"valueName\":\"search_term_string\"}}],\"inLanguage\":\"fr-FR\"},{\"@type\":\"Organization\",\"@id\":\"https:\/\/liliparfum.com\/#organization\",\"name\":\"\u0644\u064a\u0644\u064a \u0644\u0644\u0639\u0637\u0648\u0631 | \u0639\u0637\u0648\u0631 \u0641\u0627\u062e\u0631\u0629 \u0628\u0647\u0648\u064a\u0629 \u062c\u0632\u0627\u0626\u0631\u064a\u0629 \u0648\u0623\u062b\u0631 \u0644\u0627 \u064a\u0646\u0633\u0649\",\"alternateName\":\"\u0644\u064a\u0644\u064a \u0644\u0644\u0639\u0637\u0648\u0631 | \u0639\u0637\u0648\u0631 \u0641\u0627\u062e\u0631\u0629 \u0628\u0647\u0648\u064a\u0629 \u062c\u0632\u0627\u0626\u0631\u064a\u0629 \u0648\u0623\u062b\u0631 \u0644\u0627 \u064a\u0646\u0633\u0649\",\"url\":\"https:\/\/liliparfum.com\/\",\"logo\":{\"@type\":\"ImageObject\",\"inLanguage\":\"fr-FR\",\"@id\":\"https:\/\/liliparfum.com\/#\/schema\/logo\/image\/\",\"url\":\"https:\/\/liliparfum.com\/wp-content\/uploads\/2026\/01\/lili-logo.webp\",\"contentUrl\":\"https:\/\/liliparfum.com\/wp-content\/uploads\/2026\/01\/lili-logo.webp\",\"width\":591,\"height\":800,\"caption\":\"\u0644\u064a\u0644\u064a \u0644\u0644\u0639\u0637\u0648\u0631 | \u0639\u0637\u0648\u0631 \u0641\u0627\u062e\u0631\u0629 \u0628\u0647\u0648\u064a\u0629 \u062c\u0632\u0627\u0626\u0631\u064a\u0629 \u0648\u0623\u062b\u0631 \u0644\u0627 \u064a\u0646\u0633\u0649\"},\"image\":{\"@id\":\"https:\/\/liliparfum.com\/#\/schema\/logo\/image\/\"}}]}<\/script>\n<!-- \/ Yoast SEO plugin. -->","yoast_head_json":{"title":"\u0633\u0628\u0631\u0627\u064a \u062c\u0633\u0645 \"\u0647\u0640\u0650\u064a\" (Elle) - \u0644\u064a\u0644\u064a \u0644\u0644\u0639\u0637\u0648\u0631 | \u0639\u0637\u0648\u0631 \u0641\u0627\u062e\u0631\u0629 \u0628\u0647\u0648\u064a\u0629 \u062c\u0632\u0627\u0626\u0631\u064a\u0629 \u0648\u0623\u062b\u0631 \u0644\u0627 \u064a\u0646\u0633\u0649","description":"\u0633\u0628\u0631\u0627\u064a \u062c\u0633\u0645 \"\u0647\u0640\u0650\u064a\" (Elle) - \u0644\u064a\u0644\u064a \u0644\u0644\u0639\u0637\u0648\u0631 | \u0639\u0637\u0648\u0631 \u0641\u0627\u062e\u0631\u0629 \u0628\u0647\u0648\u064a\u0629 \u062c\u0632\u0627\u0626\u0631\u064a\u0629 \u0648\u0623\u062b\u0631 \u0644\u0627 \u064a\u0646\u0633\u0649","robots":{"index":"index","follow":"follow","max-snippet":"max-snippet:-1","max-image-preview":"max-image-preview:large","max-video-preview":"max-video-preview:-1"},"canonical":"https:\/\/liliparfum.com\/fr\/product\/\u0633\u0628\u0631\u0627\u064a-\u062c\u0633\u0645-\u0647\u0640\u0650\u064a-elle\/","og_locale":"fr_FR","og_type":"article","og_title":"\u0633\u0628\u0631\u0627\u064a \u062c\u0633\u0645 \"\u0647\u0640\u0650\u064a\" (Elle) - \u0644\u064a\u0644\u064a \u0644\u0644\u0639\u0637\u0648\u0631 | \u0639\u0637\u0648\u0631 \u0641\u0627\u062e\u0631\u0629 \u0628\u0647\u0648\u064a\u0629 \u062c\u0632\u0627\u0626\u0631\u064a\u0629 \u0648\u0623\u062b\u0631 \u0644\u0627 \u064a\u0646\u0633\u0649","og_description":"\u0633\u0628\u0631\u0627\u064a \u062c\u0633\u0645 \"\u0647\u0640\u0650\u064a\" (Elle) - \u0644\u064a\u0644\u064a \u0644\u0644\u0639\u0637\u0648\u0631 | \u0639\u0637\u0648\u0631 \u0641\u0627\u062e\u0631\u0629 \u0628\u0647\u0648\u064a\u0629 \u062c\u0632\u0627\u0626\u0631\u064a\u0629 \u0648\u0623\u062b\u0631 \u0644\u0627 \u064a\u0646\u0633\u0649","og_url":"https:\/\/liliparfum.com\/fr\/product\/\u0633\u0628\u0631\u0627\u064a-\u062c\u0633\u0645-\u0647\u0640\u0650\u064a-elle\/","og_site_name":"\u0644\u064a\u0644\u064a \u0644\u0644\u0639\u0637\u0648\u0631 | \u0639\u0637\u0648\u0631 \u0641\u0627\u062e\u0631\u0629 \u0628\u0647\u0648\u064a\u0629 \u062c\u0632\u0627\u0626\u0631\u064a\u0629 \u0648\u0623\u062b\u0631 \u0644\u0627 \u064a\u0646\u0633\u0649","article_modified_time":"2026-04-12T00:20:52+00:00","og_image":[{"width":600,"height":600,"url":"https:\/\/liliparfum.com\/wp-content\/uploads\/2026\/04\/lili-p-3-66.webp","type":"image\/webp"}],"twitter_card":"summary_large_image","twitter_misc":{"Dur\u00e9e de lecture estim\u00e9e":"1 minute"},"schema":{"@context":"https:\/\/schema.org","@graph":[{"@type":"WebPage","@id":"https:\/\/liliparfum.com\/product\/%d8%b3%d8%a8%d8%b1%d8%a7%d9%8a-%d8%ac%d8%b3%d9%85-%d9%87%d9%80%d9%90%d9%8a-elle\/","url":"https:\/\/liliparfum.com\/product\/%d8%b3%d8%a8%d8%b1%d8%a7%d9%8a-%d8%ac%d8%b3%d9%85-%d9%87%d9%80%d9%90%d9%8a-elle\/","name":"\u0633\u0628\u0631\u0627\u064a \u062c\u0633\u0645 \"\u0647\u0640\u0650\u064a\" (Elle) - \u0644\u064a\u0644\u064a \u0644\u0644\u0639\u0637\u0648\u0631 | \u0639\u0637\u0648\u0631 \u0641\u0627\u062e\u0631\u0629 \u0628\u0647\u0648\u064a\u0629 \u062c\u0632\u0627\u0626\u0631\u064a\u0629 \u0648\u0623\u062b\u0631 \u0644\u0627 \u064a\u0646\u0633\u0649","isPartOf":{"@id":"https:\/\/liliparfum.com\/#website"},"primaryImageOfPage":{"@id":"https:\/\/liliparfum.com\/product\/%d8%b3%d8%a8%d8%b1%d8%a7%d9%8a-%d8%ac%d8%b3%d9%85-%d9%87%d9%80%d9%90%d9%8a-elle\/#primaryimage"},"image":{"@id":"https:\/\/liliparfum.com\/product\/%d8%b3%d8%a8%d8%b1%d8%a7%d9%8a-%d8%ac%d8%b3%d9%85-%d9%87%d9%80%d9%90%d9%8a-elle\/#primaryimage"},"thumbnailUrl":"https:\/\/i0.wp.com\/liliparfum.com\/wp-content\/uploads\/2026\/04\/lili-p-3-66.webp?fit=600%2C600&ssl=1","datePublished":"2026-04-12T00:13:41+00:00","dateModified":"2026-04-12T00:20:52+00:00","description":"\u0633\u0628\u0631\u0627\u064a \u062c\u0633\u0645 \"\u0647\u0640\u0650\u064a\" (Elle) - \u0644\u064a\u0644\u064a \u0644\u0644\u0639\u0637\u0648\u0631 | \u0639\u0637\u0648\u0631 \u0641\u0627\u062e\u0631\u0629 \u0628\u0647\u0648\u064a\u0629 \u062c\u0632\u0627\u0626\u0631\u064a\u0629 \u0648\u0623\u062b\u0631 \u0644\u0627 \u064a\u0646\u0633\u0649","breadcrumb":{"@id":"https:\/\/liliparfum.com\/product\/%d8%b3%d8%a8%d8%b1%d8%a7%d9%8a-%d8%ac%d8%b3%d9%85-%d9%87%d9%80%d9%90%d9%8a-elle\/#breadcrumb"},"inLanguage":"fr-FR","potentialAction":[{"@type":"ReadAction","target":["https:\/\/liliparfum.com\/product\/%d8%b3%d8%a8%d8%b1%d8%a7%d9%8a-%d8%ac%d8%b3%d9%85-%d9%87%d9%80%d9%90%d9%8a-elle\/"]}]},{"@type":"ImageObject","inLanguage":"fr-FR","@id":"https:\/\/liliparfum.com\/product\/%d8%b3%d8%a8%d8%b1%d8%a7%d9%8a-%d8%ac%d8%b3%d9%85-%d9%87%d9%80%d9%90%d9%8a-elle\/#primaryimage","url":"https:\/\/i0.wp.com\/liliparfum.com\/wp-content\/uploads\/2026\/04\/lili-p-3-66.webp?fit=600%2C600&ssl=1","contentUrl":"https:\/\/i0.wp.com\/liliparfum.com\/wp-content\/uploads\/2026\/04\/lili-p-3-66.webp?fit=600%2C600&ssl=1","width":600,"height":600},{"@type":"BreadcrumbList","@id":"https:\/\/liliparfum.com\/product\/%d8%b3%d8%a8%d8%b1%d8%a7%d9%8a-%d8%ac%d8%b3%d9%85-%d9%87%d9%80%d9%90%d9%8a-elle\/#breadcrumb","itemListElement":[{"@type":"ListItem","position":1,"name":"\u0627\u0644\u0631\u0626\u064a\u0633\u064a\u0629","item":"https:\/\/liliparfum.com\/"},{"@type":"ListItem","position":2,"name":"\u0645\u062a\u062c\u0631 \u0644\u064a\u0644\u064a","item":"https:\/\/liliparfum.com\/%d9%85%d8%aa%d8%ac%d8%b1-%d9%84%d9%8a%d9%84%d9%8a\/"},{"@type":"ListItem","position":3,"name":"\u0633\u0628\u0631\u0627\u064a \u062c\u0633\u0645 &#8220;\u0647\u0640\u0650\u064a&#8221; (Elle)"}]},{"@type":"WebSite","@id":"https:\/\/liliparfum.com\/#website","url":"https:\/\/liliparfum.com\/","name":"Lilly parfums | parfums de luxe avec une identit\u00e9 Alg\u00e9rienne et un effet inoubliable","description":"D\u00e9couvrir le monde de \"Lily parfums\" o\u00f9 la passion r\u00e9pondent aux crit\u00e8res de qualit\u00e9. Parfums uniques con\u00e7us pour \u00eatre votre identit\u00e9 et durable de la m\u00e9moire, avec une ferme et d'\u00e9l\u00e9gantes compositions qui laissent une trace qui reste et qui ne passe pas. Boutique de luxe maintenant.","publisher":{"@id":"https:\/\/liliparfum.com\/#organization"},"alternateName":"\u0644\u064a\u0644\u064a \u0644\u0644\u0639\u0637\u0648\u0631 | \u0639\u0637\u0648\u0631 \u0641\u0627\u062e\u0631\u0629 \u0628\u0647\u0648\u064a\u0629 \u062c\u0632\u0627\u0626\u0631\u064a\u0629 \u0648\u0623\u062b\u0631 \u0644\u0627 \u064a\u0646\u0633\u0649","potentialAction":[{"@type":"SearchAction","target":{"@type":"EntryPoint","urlTemplate":"https:\/\/liliparfum.com\/?s={search_term_string}"},"query-input":{"@type":"PropertyValueSpecification","valueRequired":true,"valueName":"search_term_string"}}],"inLanguage":"fr-FR"},{"@type":"Organization","@id":"https:\/\/liliparfum.com\/#organization","name":"Lilly parfums | parfums de luxe avec une identit\u00e9 Alg\u00e9rienne et un effet inoubliable","alternateName":"\u0644\u064a\u0644\u064a \u0644\u0644\u0639\u0637\u0648\u0631 | \u0639\u0637\u0648\u0631 \u0641\u0627\u062e\u0631\u0629 \u0628\u0647\u0648\u064a\u0629 \u062c\u0632\u0627\u0626\u0631\u064a\u0629 \u0648\u0623\u062b\u0631 \u0644\u0627 \u064a\u0646\u0633\u0649","url":"https:\/\/liliparfum.com\/","logo":{"@type":"ImageObject","inLanguage":"fr-FR","@id":"https:\/\/liliparfum.com\/#\/schema\/logo\/image\/","url":"https:\/\/liliparfum.com\/wp-content\/uploads\/2026\/01\/lili-logo.webp","contentUrl":"https:\/\/liliparfum.com\/wp-content\/uploads\/2026\/01\/lili-logo.webp","width":591,"height":800,"caption":"\u0644\u064a\u0644\u064a \u0644\u0644\u0639\u0637\u0648\u0631 | \u0639\u0637\u0648\u0631 \u0641\u0627\u062e\u0631\u0629 \u0628\u0647\u0648\u064a\u0629 \u062c\u0632\u0627\u0626\u0631\u064a\u0629 \u0648\u0623\u062b\u0631 \u0644\u0627 \u064a\u0646\u0633\u0649"},"image":{"@id":"https:\/\/liliparfum.com\/#\/schema\/logo\/image\/"}}]}},"jetpack_sharing_enabled":true,"_links":{"self":[{"href":"https:\/\/liliparfum.com\/fr\/wp-json\/wp\/v2\/product\/25557","targetHints":{"allow":["GET"]}}],"collection":[{"href":"https:\/\/liliparfum.com\/fr\/wp-json\/wp\/v2\/product"}],"about":[{"href":"https:\/\/liliparfum.com\/fr\/wp-json\/wp\/v2\/types\/product"}],"wp:featuredmedia":[{"embeddable":true,"href":"https:\/\/liliparfum.com\/fr\/wp-json\/wp\/v2\/media\/25558"}],"wp:attachment":[{"href":"https:\/\/liliparfum.com\/fr\/wp-json\/wp\/v2\/media?parent=25557"}],"wp:term":[{"taxonomy":"product_brand","embeddable":true,"href":"https:\/\/liliparfum.com\/fr\/wp-json\/wp\/v2\/product_brand?post=25557"},{"taxonomy":"product_cat","embeddable":true,"href":"https:\/\/liliparfum.com\/fr\/wp-json\/wp\/v2\/product_cat?post=25557"},{"taxonomy":"product_tag","embeddable":true,"href":"https:\/\/liliparfum.com\/fr\/wp-json\/wp\/v2\/product_tag?post=25557"}],"curies":[{"name":"wp","href":"https:\/\/api.w.org\/{rel}","templated":true}]}}