{"id":25415,"date":"2026-02-01T20:00:38","date_gmt":"2026-02-01T17:00:38","guid":{"rendered":"https:\/\/liliparfum.com\/?post_type=product&#038;p=25415"},"modified":"2026-02-13T16:28:47","modified_gmt":"2026-02-13T13:28:47","slug":"%d8%b5%d9%80%d9%80%d8%af%d9%81%d9%80%d9%80%d8%a9","status":"publish","type":"product","link":"https:\/\/liliparfum.com\/fr\/product\/%d8%b5%d9%80%d9%80%d8%af%d9%81%d9%80%d9%80%d8%a9\/","title":{"rendered":"Co\u00efncidence"},"content":{"rendered":"<blockquote>\n<p data-path-to-node=\"3\"><strong><i data-path-to-node=\"3\" data-index-in-node=\"0\">La plus belle des destins.. Elle est celui qui vient sans rendez-vous.<\/i><\/strong><\/p>\n<p data-path-to-node=\"4,0,0\">Ils disent que les plus belles choses dans la vie \u00e0 venir \u201cpar hasard\", et ce parfum est l'incarnation vivante de cette charmante moment qui change tout. Le \"sadafah\" le parfum est con\u00e7u pour \u00eatre le compagnon qui transforme les \u00e9chelles avec sa composition harmonieuse; si le voyage commence avec la fra\u00eecheur des notes de t\u00eate de \"la bergamote\u201d et\" poire\u201d pour vous donner le sentiment de d'abord surprise, puis, lentement, se d\u00e9veloppe pour battre son c\u0153ur avec\u201d Iris blossom\u201det de luxe\u201d du Jasmin\", et finalement s'installe sur un accueil chaleureux et discret de la base de \"bois de santal\" et\u201dPatchouli\". \u00c0 Lily parfums, nous avons fait en sorte que\u201d Sadaf \" est une forte et persistante de parfum qui vous accompagne pendant des heures, tout comme un beau souvenir qui s'est pass\u00e9 par hasard.. Et je suis rest\u00e9 dans le c\u0153ur de toute une vie.<\/p>\n<\/blockquote>","protected":false},"excerpt":{"rendered":"<blockquote>\n<p data-path-to-node=\"4,0,1,0\">La rencontre que vos sens n'a pas de plan, mais qui restera \u00e0 jamais habiter votre m\u00e9moire; un parfum qui combine l'\u00e9tonnement, de la surprise et de la profondeur de la stabilit\u00e9<\/p>\n<\/blockquote>","protected":false},"featured_media":25433,"template":"","meta":{"_acf_changed":false},"product_brand":[98],"product_cat":[104,20],"product_tag":[103],"class_list":{"0":"post-25415","1":"product","2":"type-product","3":"status-publish","4":"has-post-thumbnail","6":"product_brand-98","7":"product_cat-104","8":"product_cat-20","9":"product_tag-103","11":"first","12":"instock","13":"sale","14":"shipping-taxable","15":"purchasable","16":"product-type-simple"},"acf":[],"yoast_head":"<!-- This site is optimized with the Yoast SEO plugin v26.9 - https:\/\/yoast.com\/product\/yoast-seo-wordpress\/ -->\n<title>\u0635\u0640\u0640\u062f\u0641\u0640\u0640\u0647 - \u0644\u064a\u0644\u064a \u0644\u0644\u0639\u0637\u0648\u0631 | \u0639\u0637\u0648\u0631 \u0641\u0627\u062e\u0631\u0629 \u0628\u0647\u0648\u064a\u0629 \u062c\u0632\u0627\u0626\u0631\u064a\u0629 \u0648\u0623\u062b\u0631 \u0644\u0627 \u064a\u0646\u0633\u0649<\/title>\n<meta name=\"description\" content=\"\u0635\u0640\u0640\u062f\u0641\u0640\u0640\u0647 - \u0644\u064a\u0644\u064a \u0644\u0644\u0639\u0637\u0648\u0631 | \u0639\u0637\u0648\u0631 \u0641\u0627\u062e\u0631\u0629 \u0628\u0647\u0648\u064a\u0629 \u062c\u0632\u0627\u0626\u0631\u064a\u0629 \u0648\u0623\u062b\u0631 \u0644\u0627 \u064a\u0646\u0633\u0649\" \/>\n<meta name=\"robots\" content=\"index, follow, max-snippet:-1, max-image-preview:large, max-video-preview:-1\" \/>\n<link rel=\"canonical\" href=\"https:\/\/liliparfum.com\/fr\/product\/\u0635\u0640\u0640\u062f\u0641\u0640\u0640\u0629\/\" \/>\n<meta property=\"og:locale\" content=\"fr_FR\" \/>\n<meta property=\"og:type\" content=\"article\" \/>\n<meta property=\"og:title\" content=\"\u0635\u0640\u0640\u062f\u0641\u0640\u0640\u0647 - \u0644\u064a\u0644\u064a \u0644\u0644\u0639\u0637\u0648\u0631 | \u0639\u0637\u0648\u0631 \u0641\u0627\u062e\u0631\u0629 \u0628\u0647\u0648\u064a\u0629 \u062c\u0632\u0627\u0626\u0631\u064a\u0629 \u0648\u0623\u062b\u0631 \u0644\u0627 \u064a\u0646\u0633\u0649\" \/>\n<meta property=\"og:description\" content=\"\u0635\u0640\u0640\u062f\u0641\u0640\u0640\u0647 - \u0644\u064a\u0644\u064a \u0644\u0644\u0639\u0637\u0648\u0631 | \u0639\u0637\u0648\u0631 \u0641\u0627\u062e\u0631\u0629 \u0628\u0647\u0648\u064a\u0629 \u062c\u0632\u0627\u0626\u0631\u064a\u0629 \u0648\u0623\u062b\u0631 \u0644\u0627 \u064a\u0646\u0633\u0649\" \/>\n<meta property=\"og:url\" content=\"https:\/\/liliparfum.com\/fr\/product\/\u0635\u0640\u0640\u062f\u0641\u0640\u0640\u0629\/\" \/>\n<meta property=\"og:site_name\" content=\"\u0644\u064a\u0644\u064a \u0644\u0644\u0639\u0637\u0648\u0631 | \u0639\u0637\u0648\u0631 \u0641\u0627\u062e\u0631\u0629 \u0628\u0647\u0648\u064a\u0629 \u062c\u0632\u0627\u0626\u0631\u064a\u0629 \u0648\u0623\u062b\u0631 \u0644\u0627 \u064a\u0646\u0633\u0649\" \/>\n<meta property=\"article:modified_time\" content=\"2026-02-13T13:28:47+00:00\" \/>\n<meta property=\"og:image\" content=\"https:\/\/liliparfum.com\/wp-content\/uploads\/2026\/02\/lili-p-1.webp\" \/>\n\t<meta property=\"og:image:width\" content=\"600\" \/>\n\t<meta property=\"og:image:height\" content=\"600\" \/>\n\t<meta property=\"og:image:type\" content=\"image\/webp\" \/>\n<meta name=\"twitter:card\" content=\"summary_large_image\" \/>\n<meta name=\"twitter:label1\" content=\"Dur\u00e9e de lecture estim\u00e9e\" \/>\n\t<meta name=\"twitter:data1\" content=\"1 minute\" \/>\n<script type=\"application\/ld+json\" class=\"yoast-schema-graph\">{\"@context\":\"https:\/\/schema.org\",\"@graph\":[{\"@type\":\"WebPage\",\"@id\":\"https:\/\/liliparfum.com\/product\/%d8%b5%d9%80%d9%80%d8%af%d9%81%d9%80%d9%80%d8%a9\/\",\"url\":\"https:\/\/liliparfum.com\/product\/%d8%b5%d9%80%d9%80%d8%af%d9%81%d9%80%d9%80%d8%a9\/\",\"name\":\"\u0635\u0640\u0640\u062f\u0641\u0640\u0640\u0647 - \u0644\u064a\u0644\u064a \u0644\u0644\u0639\u0637\u0648\u0631 | \u0639\u0637\u0648\u0631 \u0641\u0627\u062e\u0631\u0629 \u0628\u0647\u0648\u064a\u0629 \u062c\u0632\u0627\u0626\u0631\u064a\u0629 \u0648\u0623\u062b\u0631 \u0644\u0627 \u064a\u0646\u0633\u0649\",\"isPartOf\":{\"@id\":\"https:\/\/liliparfum.com\/#website\"},\"primaryImageOfPage\":{\"@id\":\"https:\/\/liliparfum.com\/product\/%d8%b5%d9%80%d9%80%d8%af%d9%81%d9%80%d9%80%d8%a9\/#primaryimage\"},\"image\":{\"@id\":\"https:\/\/liliparfum.com\/product\/%d8%b5%d9%80%d9%80%d8%af%d9%81%d9%80%d9%80%d8%a9\/#primaryimage\"},\"thumbnailUrl\":\"https:\/\/i0.wp.com\/liliparfum.com\/wp-content\/uploads\/2026\/02\/lili-p-1.webp?fit=600%2C600&ssl=1\",\"datePublished\":\"2026-02-01T17:00:38+00:00\",\"dateModified\":\"2026-02-13T13:28:47+00:00\",\"description\":\"\u0635\u0640\u0640\u062f\u0641\u0640\u0640\u0647 - \u0644\u064a\u0644\u064a \u0644\u0644\u0639\u0637\u0648\u0631 | \u0639\u0637\u0648\u0631 \u0641\u0627\u062e\u0631\u0629 \u0628\u0647\u0648\u064a\u0629 \u062c\u0632\u0627\u0626\u0631\u064a\u0629 \u0648\u0623\u062b\u0631 \u0644\u0627 \u064a\u0646\u0633\u0649\",\"breadcrumb\":{\"@id\":\"https:\/\/liliparfum.com\/product\/%d8%b5%d9%80%d9%80%d8%af%d9%81%d9%80%d9%80%d8%a9\/#breadcrumb\"},\"inLanguage\":\"fr-FR\",\"potentialAction\":[{\"@type\":\"ReadAction\",\"target\":[\"https:\/\/liliparfum.com\/product\/%d8%b5%d9%80%d9%80%d8%af%d9%81%d9%80%d9%80%d8%a9\/\"]}]},{\"@type\":\"ImageObject\",\"inLanguage\":\"fr-FR\",\"@id\":\"https:\/\/liliparfum.com\/product\/%d8%b5%d9%80%d9%80%d8%af%d9%81%d9%80%d9%80%d8%a9\/#primaryimage\",\"url\":\"https:\/\/i0.wp.com\/liliparfum.com\/wp-content\/uploads\/2026\/02\/lili-p-1.webp?fit=600%2C600&ssl=1\",\"contentUrl\":\"https:\/\/i0.wp.com\/liliparfum.com\/wp-content\/uploads\/2026\/02\/lili-p-1.webp?fit=600%2C600&ssl=1\",\"width\":600,\"height\":600},{\"@type\":\"BreadcrumbList\",\"@id\":\"https:\/\/liliparfum.com\/product\/%d8%b5%d9%80%d9%80%d8%af%d9%81%d9%80%d9%80%d8%a9\/#breadcrumb\",\"itemListElement\":[{\"@type\":\"ListItem\",\"position\":1,\"name\":\"\u0627\u0644\u0631\u0626\u064a\u0633\u064a\u0629\",\"item\":\"https:\/\/liliparfum.com\/\"},{\"@type\":\"ListItem\",\"position\":2,\"name\":\"\u0645\u062a\u062c\u0631 \u0644\u064a\u0644\u064a\",\"item\":\"https:\/\/liliparfum.com\/%d9%85%d8%aa%d8%ac%d8%b1-%d9%84%d9%8a%d9%84%d9%8a\/\"},{\"@type\":\"ListItem\",\"position\":3,\"name\":\"\u0635\u0640\u0640\u062f\u0641\u0640\u0640\u0647\"}]},{\"@type\":\"WebSite\",\"@id\":\"https:\/\/liliparfum.com\/#website\",\"url\":\"https:\/\/liliparfum.com\/\",\"name\":\"\u0644\u064a\u0644\u064a \u0644\u0644\u0639\u0637\u0648\u0631 | \u0639\u0637\u0648\u0631 \u0641\u0627\u062e\u0631\u0629 \u0628\u0647\u0648\u064a\u0629 \u062c\u0632\u0627\u0626\u0631\u064a\u0629 \u0648\u0623\u062b\u0631 \u0644\u0627 \u064a\u0646\u0633\u0649\",\"description\":\"\u0627\u0643\u062a\u0634\u0641 \u0639\u0627\u0644\u0645 &quot;\u0644\u064a\u0644\u064a \u0644\u0644\u0639\u0637\u0648\u0631&quot; \u062d\u064a\u062b \u064a\u0644\u062a\u0642\u064a \u0627\u0644\u0634\u063a\u0641 \u0628\u0627\u0644\u062c\u0648\u062f\u0629. \u0639\u0637\u0648\u0631 \u0641\u0631\u064a\u062f\u0629 \u0645\u0635\u0645\u0645\u0629 \u0644\u062a\u0643\u0648\u0646 \u0647\u0648\u064a\u062a\u0643 \u0648\u0630\u0627\u0643\u0631\u062a\u0643 \u0627\u0644\u062f\u0627\u0626\u0645\u0629\u060c \u0628\u062a\u0631\u0643\u064a\u0628\u0627\u062a \u062b\u0627\u0628\u062a\u0629 \u0648\u0623\u0646\u064a\u0642\u0629 \u062a\u062a\u0631\u0643 \u0623\u062b\u0631\u0627\u064b \u064a\u0628\u0642\u0649 \u0648\u0644\u0627 \u064a\u0645\u0631. \u062a\u0633\u0648\u0642\u064a \u0627\u0644\u0641\u062e\u0627\u0645\u0629 \u0627\u0644\u0622\u0646.\",\"publisher\":{\"@id\":\"https:\/\/liliparfum.com\/#organization\"},\"alternateName\":\"\u0644\u064a\u0644\u064a \u0644\u0644\u0639\u0637\u0648\u0631 | \u0639\u0637\u0648\u0631 \u0641\u0627\u062e\u0631\u0629 \u0628\u0647\u0648\u064a\u0629 \u062c\u0632\u0627\u0626\u0631\u064a\u0629 \u0648\u0623\u062b\u0631 \u0644\u0627 \u064a\u0646\u0633\u0649\",\"potentialAction\":[{\"@type\":\"SearchAction\",\"target\":{\"@type\":\"EntryPoint\",\"urlTemplate\":\"https:\/\/liliparfum.com\/?s={search_term_string}\"},\"query-input\":{\"@type\":\"PropertyValueSpecification\",\"valueRequired\":true,\"valueName\":\"search_term_string\"}}],\"inLanguage\":\"fr-FR\"},{\"@type\":\"Organization\",\"@id\":\"https:\/\/liliparfum.com\/#organization\",\"name\":\"\u0644\u064a\u0644\u064a \u0644\u0644\u0639\u0637\u0648\u0631 | \u0639\u0637\u0648\u0631 \u0641\u0627\u062e\u0631\u0629 \u0628\u0647\u0648\u064a\u0629 \u062c\u0632\u0627\u0626\u0631\u064a\u0629 \u0648\u0623\u062b\u0631 \u0644\u0627 \u064a\u0646\u0633\u0649\",\"alternateName\":\"\u0644\u064a\u0644\u064a \u0644\u0644\u0639\u0637\u0648\u0631 | \u0639\u0637\u0648\u0631 \u0641\u0627\u062e\u0631\u0629 \u0628\u0647\u0648\u064a\u0629 \u062c\u0632\u0627\u0626\u0631\u064a\u0629 \u0648\u0623\u062b\u0631 \u0644\u0627 \u064a\u0646\u0633\u0649\",\"url\":\"https:\/\/liliparfum.com\/\",\"logo\":{\"@type\":\"ImageObject\",\"inLanguage\":\"fr-FR\",\"@id\":\"https:\/\/liliparfum.com\/#\/schema\/logo\/image\/\",\"url\":\"https:\/\/liliparfum.com\/wp-content\/uploads\/2026\/01\/lili-logo.webp\",\"contentUrl\":\"https:\/\/liliparfum.com\/wp-content\/uploads\/2026\/01\/lili-logo.webp\",\"width\":591,\"height\":800,\"caption\":\"\u0644\u064a\u0644\u064a \u0644\u0644\u0639\u0637\u0648\u0631 | \u0639\u0637\u0648\u0631 \u0641\u0627\u062e\u0631\u0629 \u0628\u0647\u0648\u064a\u0629 \u062c\u0632\u0627\u0626\u0631\u064a\u0629 \u0648\u0623\u062b\u0631 \u0644\u0627 \u064a\u0646\u0633\u0649\"},\"image\":{\"@id\":\"https:\/\/liliparfum.com\/#\/schema\/logo\/image\/\"}}]}<\/script>\n<!-- \/ Yoast SEO plugin. -->","yoast_head_json":{"title":"Sadfa-leyla parfums | parfums de luxe avec une identit\u00e9 Alg\u00e9rienne et un effet inoubliable","description":"Sadfa-leyla parfums | parfums de luxe avec une identit\u00e9 Alg\u00e9rienne et un effet inoubliable","robots":{"index":"index","follow":"follow","max-snippet":"max-snippet:-1","max-image-preview":"max-image-preview:large","max-video-preview":"max-video-preview:-1"},"canonical":"https:\/\/liliparfum.com\/fr\/product\/\u0635\u0640\u0640\u062f\u0641\u0640\u0640\u0629\/","og_locale":"fr_FR","og_type":"article","og_title":"\u0635\u0640\u0640\u062f\u0641\u0640\u0640\u0647 - \u0644\u064a\u0644\u064a \u0644\u0644\u0639\u0637\u0648\u0631 | \u0639\u0637\u0648\u0631 \u0641\u0627\u062e\u0631\u0629 \u0628\u0647\u0648\u064a\u0629 \u062c\u0632\u0627\u0626\u0631\u064a\u0629 \u0648\u0623\u062b\u0631 \u0644\u0627 \u064a\u0646\u0633\u0649","og_description":"\u0635\u0640\u0640\u062f\u0641\u0640\u0640\u0647 - \u0644\u064a\u0644\u064a \u0644\u0644\u0639\u0637\u0648\u0631 | \u0639\u0637\u0648\u0631 \u0641\u0627\u062e\u0631\u0629 \u0628\u0647\u0648\u064a\u0629 \u062c\u0632\u0627\u0626\u0631\u064a\u0629 \u0648\u0623\u062b\u0631 \u0644\u0627 \u064a\u0646\u0633\u0649","og_url":"https:\/\/liliparfum.com\/fr\/product\/\u0635\u0640\u0640\u062f\u0641\u0640\u0640\u0629\/","og_site_name":"\u0644\u064a\u0644\u064a \u0644\u0644\u0639\u0637\u0648\u0631 | \u0639\u0637\u0648\u0631 \u0641\u0627\u062e\u0631\u0629 \u0628\u0647\u0648\u064a\u0629 \u062c\u0632\u0627\u0626\u0631\u064a\u0629 \u0648\u0623\u062b\u0631 \u0644\u0627 \u064a\u0646\u0633\u0649","article_modified_time":"2026-02-13T13:28:47+00:00","og_image":[{"width":600,"height":600,"url":"https:\/\/liliparfum.com\/wp-content\/uploads\/2026\/02\/lili-p-1.webp","type":"image\/webp"}],"twitter_card":"summary_large_image","twitter_misc":{"Dur\u00e9e de lecture estim\u00e9e":"1 minute"},"schema":{"@context":"https:\/\/schema.org","@graph":[{"@type":"WebPage","@id":"https:\/\/liliparfum.com\/product\/%d8%b5%d9%80%d9%80%d8%af%d9%81%d9%80%d9%80%d8%a9\/","url":"https:\/\/liliparfum.com\/product\/%d8%b5%d9%80%d9%80%d8%af%d9%81%d9%80%d9%80%d8%a9\/","name":"Sadfa-leyla parfums | parfums de luxe avec une identit\u00e9 Alg\u00e9rienne et un effet inoubliable","isPartOf":{"@id":"https:\/\/liliparfum.com\/#website"},"primaryImageOfPage":{"@id":"https:\/\/liliparfum.com\/product\/%d8%b5%d9%80%d9%80%d8%af%d9%81%d9%80%d9%80%d8%a9\/#primaryimage"},"image":{"@id":"https:\/\/liliparfum.com\/product\/%d8%b5%d9%80%d9%80%d8%af%d9%81%d9%80%d9%80%d8%a9\/#primaryimage"},"thumbnailUrl":"https:\/\/i0.wp.com\/liliparfum.com\/wp-content\/uploads\/2026\/02\/lili-p-1.webp?fit=600%2C600&ssl=1","datePublished":"2026-02-01T17:00:38+00:00","dateModified":"2026-02-13T13:28:47+00:00","description":"Sadfa-leyla parfums | parfums de luxe avec une identit\u00e9 Alg\u00e9rienne et un effet inoubliable","breadcrumb":{"@id":"https:\/\/liliparfum.com\/product\/%d8%b5%d9%80%d9%80%d8%af%d9%81%d9%80%d9%80%d8%a9\/#breadcrumb"},"inLanguage":"fr-FR","potentialAction":[{"@type":"ReadAction","target":["https:\/\/liliparfum.com\/product\/%d8%b5%d9%80%d9%80%d8%af%d9%81%d9%80%d9%80%d8%a9\/"]}]},{"@type":"ImageObject","inLanguage":"fr-FR","@id":"https:\/\/liliparfum.com\/product\/%d8%b5%d9%80%d9%80%d8%af%d9%81%d9%80%d9%80%d8%a9\/#primaryimage","url":"https:\/\/i0.wp.com\/liliparfum.com\/wp-content\/uploads\/2026\/02\/lili-p-1.webp?fit=600%2C600&ssl=1","contentUrl":"https:\/\/i0.wp.com\/liliparfum.com\/wp-content\/uploads\/2026\/02\/lili-p-1.webp?fit=600%2C600&ssl=1","width":600,"height":600},{"@type":"BreadcrumbList","@id":"https:\/\/liliparfum.com\/product\/%d8%b5%d9%80%d9%80%d8%af%d9%81%d9%80%d9%80%d8%a9\/#breadcrumb","itemListElement":[{"@type":"ListItem","position":1,"name":"\u0627\u0644\u0631\u0626\u064a\u0633\u064a\u0629","item":"https:\/\/liliparfum.com\/"},{"@type":"ListItem","position":2,"name":"\u0645\u062a\u062c\u0631 \u0644\u064a\u0644\u064a","item":"https:\/\/liliparfum.com\/%d9%85%d8%aa%d8%ac%d8%b1-%d9%84%d9%8a%d9%84%d9%8a\/"},{"@type":"ListItem","position":3,"name":"\u0635\u0640\u0640\u062f\u0641\u0640\u0640\u0647"}]},{"@type":"WebSite","@id":"https:\/\/liliparfum.com\/#website","url":"https:\/\/liliparfum.com\/","name":"Lilly parfums | parfums de luxe avec une identit\u00e9 Alg\u00e9rienne et un effet inoubliable","description":"D\u00e9couvrir le monde de \"Lily parfums\" o\u00f9 la passion r\u00e9pondent aux crit\u00e8res de qualit\u00e9. Parfums uniques con\u00e7us pour \u00eatre votre identit\u00e9 et durable de la m\u00e9moire, avec une ferme et d'\u00e9l\u00e9gantes compositions qui laissent une trace qui reste et qui ne passe pas. Boutique de luxe maintenant.","publisher":{"@id":"https:\/\/liliparfum.com\/#organization"},"alternateName":"\u0644\u064a\u0644\u064a \u0644\u0644\u0639\u0637\u0648\u0631 | \u0639\u0637\u0648\u0631 \u0641\u0627\u062e\u0631\u0629 \u0628\u0647\u0648\u064a\u0629 \u062c\u0632\u0627\u0626\u0631\u064a\u0629 \u0648\u0623\u062b\u0631 \u0644\u0627 \u064a\u0646\u0633\u0649","potentialAction":[{"@type":"SearchAction","target":{"@type":"EntryPoint","urlTemplate":"https:\/\/liliparfum.com\/?s={search_term_string}"},"query-input":{"@type":"PropertyValueSpecification","valueRequired":true,"valueName":"search_term_string"}}],"inLanguage":"fr-FR"},{"@type":"Organization","@id":"https:\/\/liliparfum.com\/#organization","name":"Lilly parfums | parfums de luxe avec une identit\u00e9 Alg\u00e9rienne et un effet inoubliable","alternateName":"\u0644\u064a\u0644\u064a \u0644\u0644\u0639\u0637\u0648\u0631 | \u0639\u0637\u0648\u0631 \u0641\u0627\u062e\u0631\u0629 \u0628\u0647\u0648\u064a\u0629 \u062c\u0632\u0627\u0626\u0631\u064a\u0629 \u0648\u0623\u062b\u0631 \u0644\u0627 \u064a\u0646\u0633\u0649","url":"https:\/\/liliparfum.com\/","logo":{"@type":"ImageObject","inLanguage":"fr-FR","@id":"https:\/\/liliparfum.com\/#\/schema\/logo\/image\/","url":"https:\/\/liliparfum.com\/wp-content\/uploads\/2026\/01\/lili-logo.webp","contentUrl":"https:\/\/liliparfum.com\/wp-content\/uploads\/2026\/01\/lili-logo.webp","width":591,"height":800,"caption":"\u0644\u064a\u0644\u064a \u0644\u0644\u0639\u0637\u0648\u0631 | \u0639\u0637\u0648\u0631 \u0641\u0627\u062e\u0631\u0629 \u0628\u0647\u0648\u064a\u0629 \u062c\u0632\u0627\u0626\u0631\u064a\u0629 \u0648\u0623\u062b\u0631 \u0644\u0627 \u064a\u0646\u0633\u0649"},"image":{"@id":"https:\/\/liliparfum.com\/#\/schema\/logo\/image\/"}}]}},"jetpack_sharing_enabled":true,"_links":{"self":[{"href":"https:\/\/liliparfum.com\/fr\/wp-json\/wp\/v2\/product\/25415","targetHints":{"allow":["GET"]}}],"collection":[{"href":"https:\/\/liliparfum.com\/fr\/wp-json\/wp\/v2\/product"}],"about":[{"href":"https:\/\/liliparfum.com\/fr\/wp-json\/wp\/v2\/types\/product"}],"wp:featuredmedia":[{"embeddable":true,"href":"https:\/\/liliparfum.com\/fr\/wp-json\/wp\/v2\/media\/25433"}],"wp:attachment":[{"href":"https:\/\/liliparfum.com\/fr\/wp-json\/wp\/v2\/media?parent=25415"}],"wp:term":[{"taxonomy":"product_brand","embeddable":true,"href":"https:\/\/liliparfum.com\/fr\/wp-json\/wp\/v2\/product_brand?post=25415"},{"taxonomy":"product_cat","embeddable":true,"href":"https:\/\/liliparfum.com\/fr\/wp-json\/wp\/v2\/product_cat?post=25415"},{"taxonomy":"product_tag","embeddable":true,"href":"https:\/\/liliparfum.com\/fr\/wp-json\/wp\/v2\/product_tag?post=25415"}],"curies":[{"name":"wp","href":"https:\/\/api.w.org\/{rel}","templated":true}]}}