{"id":25199,"date":"2026-01-07T18:49:56","date_gmt":"2026-01-07T15:49:56","guid":{"rendered":"https:\/\/liliparfum.com\/cart\/"},"modified":"2026-02-03T17:57:29","modified_gmt":"2026-02-03T14:57:29","slug":"cart","status":"publish","type":"page","link":"https:\/\/liliparfum.com\/fr\/cart\/","title":{"rendered":"Panier"},"content":{"rendered":"","protected":false},"excerpt":{"rendered":"","protected":false},"author":1,"featured_media":0,"parent":0,"menu_order":0,"comment_status":"closed","ping_status":"closed","template":"","meta":{"_acf_changed":false,"footnotes":""},"class_list":["post-25199","page","type-page","status-publish","hentry"],"acf":[],"yoast_head":"<!-- This site is optimized with the Yoast SEO plugin v26.9 - https:\/\/yoast.com\/product\/yoast-seo-wordpress\/ -->\n<title>\u0633\u0644\u0629 \u0627\u0644\u0645\u0634\u062a\u0631\u064a\u0627\u062a - \u0644\u064a\u0644\u064a \u0644\u0644\u0639\u0637\u0648\u0631 | \u0639\u0637\u0648\u0631 \u0641\u0627\u062e\u0631\u0629 \u0628\u0647\u0648\u064a\u0629 \u062c\u0632\u0627\u0626\u0631\u064a\u0629 \u0648\u0623\u062b\u0631 \u0644\u0627 \u064a\u0646\u0633\u0649<\/title>\n<meta name=\"description\" content=\"\u0633\u0644\u0629 \u0627\u0644\u0645\u0634\u062a\u0631\u064a\u0627\u062a - \u0644\u064a\u0644\u064a \u0644\u0644\u0639\u0637\u0648\u0631 | \u0639\u0637\u0648\u0631 \u0641\u0627\u062e\u0631\u0629 \u0628\u0647\u0648\u064a\u0629 \u062c\u0632\u0627\u0626\u0631\u064a\u0629 \u0648\u0623\u062b\u0631 \u0644\u0627 \u064a\u0646\u0633\u0649\" \/>\n<meta name=\"robots\" content=\"index, follow, max-snippet:-1, max-image-preview:large, max-video-preview:-1\" \/>\n<link rel=\"canonical\" href=\"https:\/\/liliparfum.com\/fr\/cart\/\" \/>\n<meta property=\"og:locale\" content=\"fr_FR\" \/>\n<meta property=\"og:type\" content=\"article\" \/>\n<meta property=\"og:title\" content=\"\u0633\u0644\u0629 \u0627\u0644\u0645\u0634\u062a\u0631\u064a\u0627\u062a - \u0644\u064a\u0644\u064a \u0644\u0644\u0639\u0637\u0648\u0631 | \u0639\u0637\u0648\u0631 \u0641\u0627\u062e\u0631\u0629 \u0628\u0647\u0648\u064a\u0629 \u062c\u0632\u0627\u0626\u0631\u064a\u0629 \u0648\u0623\u062b\u0631 \u0644\u0627 \u064a\u0646\u0633\u0649\" \/>\n<meta property=\"og:description\" content=\"\u0633\u0644\u0629 \u0627\u0644\u0645\u0634\u062a\u0631\u064a\u0627\u062a - \u0644\u064a\u0644\u064a \u0644\u0644\u0639\u0637\u0648\u0631 | \u0639\u0637\u0648\u0631 \u0641\u0627\u062e\u0631\u0629 \u0628\u0647\u0648\u064a\u0629 \u062c\u0632\u0627\u0626\u0631\u064a\u0629 \u0648\u0623\u062b\u0631 \u0644\u0627 \u064a\u0646\u0633\u0649\" \/>\n<meta property=\"og:url\" content=\"https:\/\/liliparfum.com\/fr\/cart\/\" \/>\n<meta property=\"og:site_name\" content=\"\u0644\u064a\u0644\u064a \u0644\u0644\u0639\u0637\u0648\u0631 | \u0639\u0637\u0648\u0631 \u0641\u0627\u062e\u0631\u0629 \u0628\u0647\u0648\u064a\u0629 \u062c\u0632\u0627\u0626\u0631\u064a\u0629 \u0648\u0623\u062b\u0631 \u0644\u0627 \u064a\u0646\u0633\u0649\" \/>\n<meta property=\"article:modified_time\" content=\"2026-02-03T14:57:29+00:00\" \/>\n<meta property=\"og:image\" content=\"https:\/\/i0.wp.com\/liliparfum.com\/wp-content\/uploads\/2026\/01\/lili-logo.webp?fit=591%2C800&ssl=1\" \/>\n\t<meta property=\"og:image:width\" content=\"591\" \/>\n\t<meta property=\"og:image:height\" content=\"800\" \/>\n\t<meta property=\"og:image:type\" content=\"image\/webp\" \/>\n<meta name=\"twitter:card\" content=\"summary_large_image\" \/>\n<script type=\"application\/ld+json\" class=\"yoast-schema-graph\">{\"@context\":\"https:\/\/schema.org\",\"@graph\":[{\"@type\":\"WebPage\",\"@id\":\"https:\/\/liliparfum.com\/cart\/\",\"url\":\"https:\/\/liliparfum.com\/cart\/\",\"name\":\"\u0633\u0644\u0629 \u0627\u0644\u0645\u0634\u062a\u0631\u064a\u0627\u062a - \u0644\u064a\u0644\u064a \u0644\u0644\u0639\u0637\u0648\u0631 | \u0639\u0637\u0648\u0631 \u0641\u0627\u062e\u0631\u0629 \u0628\u0647\u0648\u064a\u0629 \u062c\u0632\u0627\u0626\u0631\u064a\u0629 \u0648\u0623\u062b\u0631 \u0644\u0627 \u064a\u0646\u0633\u0649\",\"isPartOf\":{\"@id\":\"https:\/\/liliparfum.com\/#website\"},\"datePublished\":\"2026-01-07T15:49:56+00:00\",\"dateModified\":\"2026-02-03T14:57:29+00:00\",\"description\":\"\u0633\u0644\u0629 \u0627\u0644\u0645\u0634\u062a\u0631\u064a\u0627\u062a - \u0644\u064a\u0644\u064a \u0644\u0644\u0639\u0637\u0648\u0631 | \u0639\u0637\u0648\u0631 \u0641\u0627\u062e\u0631\u0629 \u0628\u0647\u0648\u064a\u0629 \u062c\u0632\u0627\u0626\u0631\u064a\u0629 \u0648\u0623\u062b\u0631 \u0644\u0627 \u064a\u0646\u0633\u0649\",\"breadcrumb\":{\"@id\":\"https:\/\/liliparfum.com\/cart\/#breadcrumb\"},\"inLanguage\":\"fr-FR\",\"potentialAction\":[{\"@type\":\"ReadAction\",\"target\":[\"https:\/\/liliparfum.com\/cart\/\"]}]},{\"@type\":\"BreadcrumbList\",\"@id\":\"https:\/\/liliparfum.com\/cart\/#breadcrumb\",\"itemListElement\":[{\"@type\":\"ListItem\",\"position\":1,\"name\":\"\u0627\u0644\u0631\u0626\u064a\u0633\u064a\u0629\",\"item\":\"https:\/\/liliparfum.com\/\"},{\"@type\":\"ListItem\",\"position\":2,\"name\":\"\u0633\u0644\u0629 \u0627\u0644\u0645\u0634\u062a\u0631\u064a\u0627\u062a\"}]},{\"@type\":\"WebSite\",\"@id\":\"https:\/\/liliparfum.com\/#website\",\"url\":\"https:\/\/liliparfum.com\/\",\"name\":\"\u0644\u064a\u0644\u064a \u0644\u0644\u0639\u0637\u0648\u0631 | \u0639\u0637\u0648\u0631 \u0641\u0627\u062e\u0631\u0629 \u0628\u0647\u0648\u064a\u0629 \u062c\u0632\u0627\u0626\u0631\u064a\u0629 \u0648\u0623\u062b\u0631 \u0644\u0627 \u064a\u0646\u0633\u0649\",\"description\":\"\u0627\u0643\u062a\u0634\u0641 \u0639\u0627\u0644\u0645 &quot;\u0644\u064a\u0644\u064a \u0644\u0644\u0639\u0637\u0648\u0631&quot; \u062d\u064a\u062b \u064a\u0644\u062a\u0642\u064a \u0627\u0644\u0634\u063a\u0641 \u0628\u0627\u0644\u062c\u0648\u062f\u0629. \u0639\u0637\u0648\u0631 \u0641\u0631\u064a\u062f\u0629 \u0645\u0635\u0645\u0645\u0629 \u0644\u062a\u0643\u0648\u0646 \u0647\u0648\u064a\u062a\u0643 \u0648\u0630\u0627\u0643\u0631\u062a\u0643 \u0627\u0644\u062f\u0627\u0626\u0645\u0629\u060c \u0628\u062a\u0631\u0643\u064a\u0628\u0627\u062a \u062b\u0627\u0628\u062a\u0629 \u0648\u0623\u0646\u064a\u0642\u0629 \u062a\u062a\u0631\u0643 \u0623\u062b\u0631\u0627\u064b \u064a\u0628\u0642\u0649 \u0648\u0644\u0627 \u064a\u0645\u0631. \u062a\u0633\u0648\u0642\u064a \u0627\u0644\u0641\u062e\u0627\u0645\u0629 \u0627\u0644\u0622\u0646.\",\"publisher\":{\"@id\":\"https:\/\/liliparfum.com\/#organization\"},\"alternateName\":\"\u0644\u064a\u0644\u064a \u0644\u0644\u0639\u0637\u0648\u0631 | \u0639\u0637\u0648\u0631 \u0641\u0627\u062e\u0631\u0629 \u0628\u0647\u0648\u064a\u0629 \u062c\u0632\u0627\u0626\u0631\u064a\u0629 \u0648\u0623\u062b\u0631 \u0644\u0627 \u064a\u0646\u0633\u0649\",\"potentialAction\":[{\"@type\":\"SearchAction\",\"target\":{\"@type\":\"EntryPoint\",\"urlTemplate\":\"https:\/\/liliparfum.com\/?s={search_term_string}\"},\"query-input\":{\"@type\":\"PropertyValueSpecification\",\"valueRequired\":true,\"valueName\":\"search_term_string\"}}],\"inLanguage\":\"fr-FR\"},{\"@type\":\"Organization\",\"@id\":\"https:\/\/liliparfum.com\/#organization\",\"name\":\"\u0644\u064a\u0644\u064a \u0644\u0644\u0639\u0637\u0648\u0631 | \u0639\u0637\u0648\u0631 \u0641\u0627\u062e\u0631\u0629 \u0628\u0647\u0648\u064a\u0629 \u062c\u0632\u0627\u0626\u0631\u064a\u0629 \u0648\u0623\u062b\u0631 \u0644\u0627 \u064a\u0646\u0633\u0649\",\"alternateName\":\"\u0644\u064a\u0644\u064a \u0644\u0644\u0639\u0637\u0648\u0631 | \u0639\u0637\u0648\u0631 \u0641\u0627\u062e\u0631\u0629 \u0628\u0647\u0648\u064a\u0629 \u062c\u0632\u0627\u0626\u0631\u064a\u0629 \u0648\u0623\u062b\u0631 \u0644\u0627 \u064a\u0646\u0633\u0649\",\"url\":\"https:\/\/liliparfum.com\/\",\"logo\":{\"@type\":\"ImageObject\",\"inLanguage\":\"fr-FR\",\"@id\":\"https:\/\/liliparfum.com\/#\/schema\/logo\/image\/\",\"url\":\"https:\/\/liliparfum.com\/wp-content\/uploads\/2026\/01\/lili-logo.webp\",\"contentUrl\":\"https:\/\/liliparfum.com\/wp-content\/uploads\/2026\/01\/lili-logo.webp\",\"width\":591,\"height\":800,\"caption\":\"\u0644\u064a\u0644\u064a \u0644\u0644\u0639\u0637\u0648\u0631 | \u0639\u0637\u0648\u0631 \u0641\u0627\u062e\u0631\u0629 \u0628\u0647\u0648\u064a\u0629 \u062c\u0632\u0627\u0626\u0631\u064a\u0629 \u0648\u0623\u062b\u0631 \u0644\u0627 \u064a\u0646\u0633\u0649\"},\"image\":{\"@id\":\"https:\/\/liliparfum.com\/#\/schema\/logo\/image\/\"}}]}<\/script>\n<!-- \/ Yoast SEO plugin. -->","yoast_head_json":{"title":"Panier-Lily parfums | parfums de luxe avec une identit\u00e9 Alg\u00e9rienne et un effet inoubliable","description":"Panier-Lily parfums | parfums de luxe avec une identit\u00e9 Alg\u00e9rienne et un effet inoubliable","robots":{"index":"index","follow":"follow","max-snippet":"max-snippet:-1","max-image-preview":"max-image-preview:large","max-video-preview":"max-video-preview:-1"},"canonical":"https:\/\/liliparfum.com\/fr\/cart\/","og_locale":"fr_FR","og_type":"article","og_title":"\u0633\u0644\u0629 \u0627\u0644\u0645\u0634\u062a\u0631\u064a\u0627\u062a - \u0644\u064a\u0644\u064a \u0644\u0644\u0639\u0637\u0648\u0631 | \u0639\u0637\u0648\u0631 \u0641\u0627\u062e\u0631\u0629 \u0628\u0647\u0648\u064a\u0629 \u062c\u0632\u0627\u0626\u0631\u064a\u0629 \u0648\u0623\u062b\u0631 \u0644\u0627 \u064a\u0646\u0633\u0649","og_description":"\u0633\u0644\u0629 \u0627\u0644\u0645\u0634\u062a\u0631\u064a\u0627\u062a - \u0644\u064a\u0644\u064a \u0644\u0644\u0639\u0637\u0648\u0631 | \u0639\u0637\u0648\u0631 \u0641\u0627\u062e\u0631\u0629 \u0628\u0647\u0648\u064a\u0629 \u062c\u0632\u0627\u0626\u0631\u064a\u0629 \u0648\u0623\u062b\u0631 \u0644\u0627 \u064a\u0646\u0633\u0649","og_url":"https:\/\/liliparfum.com\/fr\/cart\/","og_site_name":"\u0644\u064a\u0644\u064a \u0644\u0644\u0639\u0637\u0648\u0631 | \u0639\u0637\u0648\u0631 \u0641\u0627\u062e\u0631\u0629 \u0628\u0647\u0648\u064a\u0629 \u062c\u0632\u0627\u0626\u0631\u064a\u0629 \u0648\u0623\u062b\u0631 \u0644\u0627 \u064a\u0646\u0633\u0649","article_modified_time":"2026-02-03T14:57:29+00:00","og_image":[{"width":591,"height":800,"url":"https:\/\/i0.wp.com\/liliparfum.com\/wp-content\/uploads\/2026\/01\/lili-logo.webp?fit=591%2C800&ssl=1","type":"image\/webp"}],"twitter_card":"summary_large_image","schema":{"@context":"https:\/\/schema.org","@graph":[{"@type":"WebPage","@id":"https:\/\/liliparfum.com\/cart\/","url":"https:\/\/liliparfum.com\/cart\/","name":"Panier-Lily parfums | parfums de luxe avec une identit\u00e9 Alg\u00e9rienne et un effet inoubliable","isPartOf":{"@id":"https:\/\/liliparfum.com\/#website"},"datePublished":"2026-01-07T15:49:56+00:00","dateModified":"2026-02-03T14:57:29+00:00","description":"Panier-Lily parfums | parfums de luxe avec une identit\u00e9 Alg\u00e9rienne et un effet inoubliable","breadcrumb":{"@id":"https:\/\/liliparfum.com\/cart\/#breadcrumb"},"inLanguage":"fr-FR","potentialAction":[{"@type":"ReadAction","target":["https:\/\/liliparfum.com\/cart\/"]}]},{"@type":"BreadcrumbList","@id":"https:\/\/liliparfum.com\/cart\/#breadcrumb","itemListElement":[{"@type":"ListItem","position":1,"name":"\u0627\u0644\u0631\u0626\u064a\u0633\u064a\u0629","item":"https:\/\/liliparfum.com\/"},{"@type":"ListItem","position":2,"name":"\u0633\u0644\u0629 \u0627\u0644\u0645\u0634\u062a\u0631\u064a\u0627\u062a"}]},{"@type":"WebSite","@id":"https:\/\/liliparfum.com\/#website","url":"https:\/\/liliparfum.com\/","name":"Lilly parfums | parfums de luxe avec une identit\u00e9 Alg\u00e9rienne et un effet inoubliable","description":"D\u00e9couvrir le monde de \"Lily parfums\" o\u00f9 la passion r\u00e9pondent aux crit\u00e8res de qualit\u00e9. Parfums uniques con\u00e7us pour \u00eatre votre identit\u00e9 et durable de la m\u00e9moire, avec une ferme et d'\u00e9l\u00e9gantes compositions qui laissent une trace qui reste et qui ne passe pas. Boutique de luxe maintenant.","publisher":{"@id":"https:\/\/liliparfum.com\/#organization"},"alternateName":"\u0644\u064a\u0644\u064a \u0644\u0644\u0639\u0637\u0648\u0631 | \u0639\u0637\u0648\u0631 \u0641\u0627\u062e\u0631\u0629 \u0628\u0647\u0648\u064a\u0629 \u062c\u0632\u0627\u0626\u0631\u064a\u0629 \u0648\u0623\u062b\u0631 \u0644\u0627 \u064a\u0646\u0633\u0649","potentialAction":[{"@type":"SearchAction","target":{"@type":"EntryPoint","urlTemplate":"https:\/\/liliparfum.com\/?s={search_term_string}"},"query-input":{"@type":"PropertyValueSpecification","valueRequired":true,"valueName":"search_term_string"}}],"inLanguage":"fr-FR"},{"@type":"Organization","@id":"https:\/\/liliparfum.com\/#organization","name":"Lilly parfums | parfums de luxe avec une identit\u00e9 Alg\u00e9rienne et un effet inoubliable","alternateName":"\u0644\u064a\u0644\u064a \u0644\u0644\u0639\u0637\u0648\u0631 | \u0639\u0637\u0648\u0631 \u0641\u0627\u062e\u0631\u0629 \u0628\u0647\u0648\u064a\u0629 \u062c\u0632\u0627\u0626\u0631\u064a\u0629 \u0648\u0623\u062b\u0631 \u0644\u0627 \u064a\u0646\u0633\u0649","url":"https:\/\/liliparfum.com\/","logo":{"@type":"ImageObject","inLanguage":"fr-FR","@id":"https:\/\/liliparfum.com\/#\/schema\/logo\/image\/","url":"https:\/\/liliparfum.com\/wp-content\/uploads\/2026\/01\/lili-logo.webp","contentUrl":"https:\/\/liliparfum.com\/wp-content\/uploads\/2026\/01\/lili-logo.webp","width":591,"height":800,"caption":"\u0644\u064a\u0644\u064a \u0644\u0644\u0639\u0637\u0648\u0631 | \u0639\u0637\u0648\u0631 \u0641\u0627\u062e\u0631\u0629 \u0628\u0647\u0648\u064a\u0629 \u062c\u0632\u0627\u0626\u0631\u064a\u0629 \u0648\u0623\u062b\u0631 \u0644\u0627 \u064a\u0646\u0633\u0649"},"image":{"@id":"https:\/\/liliparfum.com\/#\/schema\/logo\/image\/"}}]}},"jetpack_sharing_enabled":true,"_links":{"self":[{"href":"https:\/\/liliparfum.com\/fr\/wp-json\/wp\/v2\/pages\/25199","targetHints":{"allow":["GET"]}}],"collection":[{"href":"https:\/\/liliparfum.com\/fr\/wp-json\/wp\/v2\/pages"}],"about":[{"href":"https:\/\/liliparfum.com\/fr\/wp-json\/wp\/v2\/types\/page"}],"author":[{"embeddable":true,"href":"https:\/\/liliparfum.com\/fr\/wp-json\/wp\/v2\/users\/1"}],"replies":[{"embeddable":true,"href":"https:\/\/liliparfum.com\/fr\/wp-json\/wp\/v2\/comments?post=25199"}],"version-history":[{"count":1,"href":"https:\/\/liliparfum.com\/fr\/wp-json\/wp\/v2\/pages\/25199\/revisions"}],"predecessor-version":[{"id":25342,"href":"https:\/\/liliparfum.com\/fr\/wp-json\/wp\/v2\/pages\/25199\/revisions\/25342"}],"wp:attachment":[{"href":"https:\/\/liliparfum.com\/fr\/wp-json\/wp\/v2\/media?parent=25199"}],"curies":[{"name":"wp","href":"https:\/\/api.w.org\/{rel}","templated":true}]}}